{"id":70,"date":"2016-02-05T15:13:08","date_gmt":"2016-02-05T14:13:08","guid":{"rendered":"http:\/\/rinderdung.de\/wordpress\/?page_id=70"},"modified":"2016-03-15T16:33:55","modified_gmt":"2016-03-15T15:33:55","slug":"produktkontrolle","status":"publish","type":"page","link":"https:\/\/rinderdung.de\/wordpress\/?page_id=70","title":{"rendered":"Produktkontrolle"},"content":{"rendered":"<p><a href=\"http:\/\/www.rinderdung.de\/bilder\/attest_sep04.pdf\" target=\"new\">Pr\u00fcfberichte<\/a> der Landwirtschaftlichen Untersuchungs- und<br \/>\nForschungsanstalt Mecklenburg-Vorpommern:<\/p>\n<p><a href=\"http:\/\/www.rinderdung.de\/bilder\/attest.gif\" target=\"new\">Pr\u00fcfbericht 1<\/a><\/p>\n<p><a href=\"http:\/\/www.rinderdung.de\/bilder\/attest_sep04.pdf\" target=\"new\">Pr\u00fcfbericht 2<\/a><\/p>\n","protected":false},"excerpt":{"rendered":"<p>Pr\u00fcfberichte der Landwirtschaftlichen Untersuchungs- und Forschungsanstalt Mecklenburg-Vorpommern: Pr\u00fcfbericht 1 Pr\u00fcfbericht 2<\/p>\n","protected":false},"author":1,"featured_media":0,"parent":0,"menu_order":0,"comment_status":"closed","ping_status":"closed","template":"","meta":[],"_links":{"self":[{"href":"https:\/\/rinderdung.de\/wordpress\/index.php?rest_route=\/wp\/v2\/pages\/70"}],"collection":[{"href":"https:\/\/rinderdung.de\/wordpress\/index.php?rest_route=\/wp\/v2\/pages"}],"about":[{"href":"https:\/\/rinderdung.de\/wordpress\/index.php?rest_route=\/wp\/v2\/types\/page"}],"author":[{"embeddable":true,"href":"https:\/\/rinderdung.de\/wordpress\/index.php?rest_route=\/wp\/v2\/users\/1"}],"replies":[{"embeddable":true,"href":"https:\/\/rinderdung.de\/wordpress\/index.php?rest_route=%2Fwp%2Fv2%2Fcomments&post=70"}],"version-history":[{"count":4,"href":"https:\/\/rinderdung.de\/wordpress\/index.php?rest_route=\/wp\/v2\/pages\/70\/revisions"}],"predecessor-version":[{"id":113,"href":"https:\/\/rinderdung.de\/wordpress\/index.php?rest_route=\/wp\/v2\/pages\/70\/revisions\/113"}],"wp:attachment":[{"href":"https:\/\/rinderdung.de\/wordpress\/index.php?rest_route=%2Fwp%2Fv2%2Fmedia&parent=70"}],"curies":[{"name":"wp","href":"https:\/\/api.w.org\/{rel}","templated":true}]}}