{"id":63,"date":"2016-02-05T15:09:33","date_gmt":"2016-02-05T14:09:33","guid":{"rendered":"http:\/\/rinderdung.de\/wordpress\/?page_id=63"},"modified":"2016-02-05T15:09:33","modified_gmt":"2016-02-05T14:09:33","slug":"anwendung","status":"publish","type":"page","link":"https:\/\/rinderdung.de\/wordpress\/?page_id=63","title":{"rendered":"Anwendung"},"content":{"rendered":"<table width=\"500\">\n<tbody>\n<tr>\n<td><strong>Im Garten:<\/strong> 1 bis 2 Liter je qm und Jahr. Zehrende Kulturen, wie Erdbeeren, Tomaten, Gurken oder Kartoffeln, erhalten Rinderdung als Unterfu\u00dfd\u00fcnger.<\/td>\n<\/tr>\n<tr>\n<td>\n<strong>Im Blumentopf:<\/strong> Erde (aus dem Garten) mit Rinderdung zu gleichen Teilen mischen. Sie ben\u00f6tigen keine gesonderte Blumenerde, wenn Sie Rinderdung einsetzen.<\/td>\n<\/tr>\n<tr>\n<td><img decoding=\"async\" src=\"http:\/\/www.rinderdung.de\/bilder\/einarbeiten.jpg\" alt=\"\" \/><\/td>\n<\/tr>\n<tr align=\"center\">\n<td>\n<h1 align=\"left\">Anwendungsbeispiele:<\/h1>\n<p><img decoding=\"async\" src=\"http:\/\/www.rinderdung.de\/bilder\/tomate.jpg\" alt=\"\" border=\"0\" \/><\/td>\n<\/tr>\n<tr align=\"center\">\n<td>\n<img decoding=\"async\" src=\"http:\/\/www.rinderdung.de\/bilder\/erdbeere1.jpg\" alt=\"\" border=\"0\" \/><\/td>\n<\/tr>\n<\/tbody>\n<\/table>\n","protected":false},"excerpt":{"rendered":"<p>Im Garten: 1 bis 2 Liter je qm und Jahr. Zehrende Kulturen, wie Erdbeeren, Tomaten, Gurken oder Kartoffeln, erhalten Rinderdung als Unterfu\u00dfd\u00fcnger. Im Blumentopf: Erde (aus dem Garten) mit Rinderdung zu gleichen Teilen mischen. Sie ben\u00f6tigen keine gesonderte Blumenerde, wenn Sie Rinderdung einsetzen. Anwendungsbeispiele:<\/p>\n","protected":false},"author":1,"featured_media":0,"parent":0,"menu_order":0,"comment_status":"closed","ping_status":"closed","template":"","meta":[],"_links":{"self":[{"href":"https:\/\/rinderdung.de\/wordpress\/index.php?rest_route=\/wp\/v2\/pages\/63"}],"collection":[{"href":"https:\/\/rinderdung.de\/wordpress\/index.php?rest_route=\/wp\/v2\/pages"}],"about":[{"href":"https:\/\/rinderdung.de\/wordpress\/index.php?rest_route=\/wp\/v2\/types\/page"}],"author":[{"embeddable":true,"href":"https:\/\/rinderdung.de\/wordpress\/index.php?rest_route=\/wp\/v2\/users\/1"}],"replies":[{"embeddable":true,"href":"https:\/\/rinderdung.de\/wordpress\/index.php?rest_route=%2Fwp%2Fv2%2Fcomments&post=63"}],"version-history":[{"count":1,"href":"https:\/\/rinderdung.de\/wordpress\/index.php?rest_route=\/wp\/v2\/pages\/63\/revisions"}],"predecessor-version":[{"id":65,"href":"https:\/\/rinderdung.de\/wordpress\/index.php?rest_route=\/wp\/v2\/pages\/63\/revisions\/65"}],"wp:attachment":[{"href":"https:\/\/rinderdung.de\/wordpress\/index.php?rest_route=%2Fwp%2Fv2%2Fmedia&parent=63"}],"curies":[{"name":"wp","href":"https:\/\/api.w.org\/{rel}","templated":true}]}}