{"id":56,"date":"2016-02-05T15:06:16","date_gmt":"2016-02-05T14:06:16","guid":{"rendered":"http:\/\/rinderdung.de\/wordpress\/?page_id=56"},"modified":"2016-02-05T15:06:16","modified_gmt":"2016-02-05T14:06:16","slug":"information","status":"publish","type":"page","link":"https:\/\/rinderdung.de\/wordpress\/?page_id=56","title":{"rendered":"Information"},"content":{"rendered":"<p>Produktinformation<\/p>\n<p>Aus der Produktion des Rinderdung:<\/p>\n<table>\n<tbody>\n<tr>\n<td><a href=\"http:\/\/www.rinderdung.de\/foto1.htm\"><img decoding=\"async\" src=\"http:\/\/www.rinderdung.de\/bilder\/th_foto1.jpg\" alt=\"\" border=\"0\" \/><\/a><\/td>\n<td><a href=\"http:\/\/www.rinderdung.de\/foto2.htm\"><img decoding=\"async\" src=\"http:\/\/www.rinderdung.de\/bilder\/th_foto2.jpg\" alt=\"\" border=\"0\" \/><\/a><\/td>\n<td><a href=\"http:\/\/www.rinderdung.de\/foto4.htm\"><img decoding=\"async\" src=\"http:\/\/www.rinderdung.de\/bilder\/th_foto4.jpg\" alt=\"\" border=\"0\" \/><\/a><\/td>\n<\/tr>\n<tr>\n<td><a href=\"http:\/\/www.rinderdung.de\/bilder\/foto5.jpg\"><img decoding=\"async\" src=\"http:\/\/www.rinderdung.de\/bilder\/th_foto5.jpg\" alt=\"\" border=\"0\" \/><\/a><\/td>\n<td><a href=\"http:\/\/www.rinderdung.de\/foto6.htm\"><img decoding=\"async\" src=\"http:\/\/www.rinderdung.de\/bilder\/th_foto6.jpg\" alt=\"\" border=\"0\" \/><\/a><\/td>\n<td><\/td>\n<\/tr>\n<tr>\n<td colspan=\"3\">Klicken Sie auf ein Bild f\u00fcr eine gr\u00f6\u00dfere Darstellung!<\/td>\n<\/tr>\n<\/tbody>\n<\/table>\n<p>Rinderdung &#8211; kompostiert und geruchlos &#8211; ist ein zu 100 Prozent nat\u00fcrlicher und kompostierter D\u00fcnger aus Stallmist von Rindern. Er verbindet die guten Eigenschaften eines Kompostes und die des Stallmistes von Rindern.<\/p>\n<p>Der Stallmist von Rindern ist durch seinen hohen und vollst\u00e4ndigen N\u00e4hrstoffgehalt allen anderen D\u00fcngern \u00fcberlegen. Seine Nachteile sind jedoch nicht zu verschweigen: stechender, unangenehmer Geruch; hoher Unkrautanteil und Arbeitsaufwand bei der Ausbringung.<\/p>\n<p>Durch eine mechanische Aufbereitung gelingt es, den Stallmist zu kompostieren. Dabei wird ihm Fl\u00fcssigkeit entzogen, so da\u00df Kompostbakterien optimale Bedingungen vorfinden und den Stallmist vollst\u00e4ndig umsetzen.<\/p>\n<p>Durch eine Selbsterhitzung w\u00e4hrend der Kompostierung auf \u00fcber 60 Grad Celsius werden vorhandene Unkrautsamen und Keime abget\u00f6tet.<\/p>\n<p>Durch regelm\u00e4\u00dfiges Wenden wird die Kompostierung beschleunigt und der RINDERDUNG trocknet an der Luft. Der Stallmist verliert seinen stechenden Eigengeruch und wird innerhalb von 12 Wochen zu:<\/p>\n<p><strong>RINDERDUNG &#8211; KOMPOSTIERT UND GERUCHLOS<\/strong>.<\/p>\n<p>Der RINDERDUNG enth\u00e4lt zu \u00fcber 80 Prozent Humus. Er kann somit auch als reines Pflanzsubstrat verwendet werden.<\/p>\n<p>Besonders zehrende Kulturen, wie Tomaten, Erdbeeren, Gurken oder Kartoffeln danken die D\u00fcngung mit RINDERDUNG KOMPOSTIERT UND GERUCHLOS mit besten Wachstum und reicher Ernte.<\/p>\n<p>Da durch die Kompostierung eine vollst\u00e4ndige Verrottung aller organischen Bestandteile erfolgt ist, kann es zu keiner \u00dcberd\u00fcngung, wie bei anderen D\u00fcngemitteln, und keiner Geruchsbel\u00e4stigung kommen.<\/p>\n<p>Er ist somit f\u00fcr Pflanzen aller Art drau\u00dfen wie drinnen einzusetzen.<\/p>\n<p><strong>Ein perfekter D\u00fcnger f\u00fcr Garten und Wohnung.<\/strong><\/p>\n","protected":false},"excerpt":{"rendered":"<p>Produktinformation Aus der Produktion des Rinderdung: Klicken Sie auf ein Bild f\u00fcr eine gr\u00f6\u00dfere Darstellung! Rinderdung &#8211; kompostiert und geruchlos &#8211; ist ein zu 100 Prozent nat\u00fcrlicher und kompostierter D\u00fcnger aus Stallmist von Rindern. Er verbindet die guten Eigenschaften eines Kompostes und die des Stallmistes von Rindern. Der Stallmist von Rindern ist durch seinen hohen [&hellip;]<\/p>\n","protected":false},"author":1,"featured_media":0,"parent":0,"menu_order":0,"comment_status":"closed","ping_status":"closed","template":"","meta":[],"_links":{"self":[{"href":"https:\/\/rinderdung.de\/wordpress\/index.php?rest_route=\/wp\/v2\/pages\/56"}],"collection":[{"href":"https:\/\/rinderdung.de\/wordpress\/index.php?rest_route=\/wp\/v2\/pages"}],"about":[{"href":"https:\/\/rinderdung.de\/wordpress\/index.php?rest_route=\/wp\/v2\/types\/page"}],"author":[{"embeddable":true,"href":"https:\/\/rinderdung.de\/wordpress\/index.php?rest_route=\/wp\/v2\/users\/1"}],"replies":[{"embeddable":true,"href":"https:\/\/rinderdung.de\/wordpress\/index.php?rest_route=%2Fwp%2Fv2%2Fcomments&post=56"}],"version-history":[{"count":1,"href":"https:\/\/rinderdung.de\/wordpress\/index.php?rest_route=\/wp\/v2\/pages\/56\/revisions"}],"predecessor-version":[{"id":59,"href":"https:\/\/rinderdung.de\/wordpress\/index.php?rest_route=\/wp\/v2\/pages\/56\/revisions\/59"}],"wp:attachment":[{"href":"https:\/\/rinderdung.de\/wordpress\/index.php?rest_route=%2Fwp%2Fv2%2Fmedia&parent=56"}],"curies":[{"name":"wp","href":"https:\/\/api.w.org\/{rel}","templated":true}]}}