{"id":43,"date":"2016-01-29T16:04:27","date_gmt":"2016-01-29T15:04:27","guid":{"rendered":"http:\/\/rinderdung.de\/wordpress\/?page_id=43"},"modified":"2016-02-22T15:03:32","modified_gmt":"2016-02-22T14:03:32","slug":"agb","status":"publish","type":"page","link":"https:\/\/rinderdung.de\/wordpress\/?page_id=43","title":{"rendered":"AGB"},"content":{"rendered":"<h3>Allgemeine Gesch\u00e4ftsbedingungen www.rinderdung.de<\/h3>\n<h4><b>\u00a71 Lieferbedingungen<\/b><\/h4>\n<ul>\n<li>Zahlung auf Rechnung<\/li>\n<li>Zahlungsziel: 14 Tage nach Erhalt der Rechnung<\/li>\n<li>Lieferzeit: max. 14 Tage, wenn nicht anders vereinbart<\/li>\n<\/ul>\n<h4><b>\u00a72 Widerrufsbelehrung<\/b><\/h4>\n<ol>\n<li>Die folgenden Abs\u00e4tze unter diesem Paragraphen der AGB gelten nur f\u00fcr Kunden, die als Verbraucher anzusehen sind. Ein Verbraucher ist jede nat\u00fcrliche Person, die ein Rechtsgesch\u00e4ft zu einem Zweck abschlie\u00dft, der weder ihrer gewerblichen noch ihrer selbstst\u00e4ndigen beruflichen T\u00e4tigkeit zugerechnet werden kann.<\/li>\n<li>\n<p align=\"justify\">Der Kunde kann seine Vertragserkl\u00e4rung innerhalb von zwei Wochen (14 Tagen) ohne Angabe von Gr\u00fcnden in Textform (z. B. durch Brief, Fax, E-Mail) oder durch R\u00fccksendung der Ware widerrufen. Die Frist beginnt fr\u00fchestens mit dem Erhalt dieser Belehrung und dem Erhalt der Ware. Zur Wahrung der Frist gen\u00fcgt die rechtzeitige Absendung der Widerrufserkl\u00e4rung oder der gekauften Ware. Der Widerruf ist an die folgende Postanschrift\/E-Mail-Adresse\/Faxnummer zu richten:<\/p>\n<p>Zingster Rinderdung-Service<br \/>\nKjeld Kohn<br \/>\nWiesenweg 32, 18356 Pruchten<br \/>\nFax 038231-77568<br \/>\nE-mail: <a href=\"mailto:rinderdung@yahoo.de\">rinderdung@yahoo.de<\/a><\/li>\n<li>Widerrufsfolgen:\n<p align=\"justify\">Im Falle eines wirksamen Widerrufs sind die beiderseits empfangenen Leistungen zur\u00fcckzugew\u00e4hren und ggf. gezogene Nutzungen (z.B. f\u00fcr den Gebrauch der Sache eine Nutzungsgeb\u00fchr) herauszugeben. K\u00f6nnen Sie uns die empfangene Leistung ganz oder teilweise nicht oder nur in verschlechtertem Zustand zur\u00fcckgew\u00e4hren, m\u00fcssen Sie uns insoweit ggf. Wertersatz leisten. Bei der \u00dcberlassung von Sachen gilt dies nicht, wenn die Verschlechterung der Sache ausschlie\u00dflich auf deren Pr\u00fcfung &#8212; wie Sie Ihnen etwa im Ladengesch\u00e4ft m\u00f6glich gewesen w\u00e4re &#8212; zur\u00fcckzuf\u00fchren ist. Im \u00dcbrigen k\u00f6nnen Sie die Wertersatzpflicht vermeiden, indem Sie die Sache nicht wie Ihr Eigentum in Gebrauch nehmen und alles unterlassen, was deren Wert beeintr\u00e4chtigt. Paketversandf\u00e4hige Sachen sind zur\u00fcckzusenden. Sie haben die Kosten der R\u00fccksendung zu tragen. Verpflichtungen zur Erstattung von Zahlungen m\u00fcssen Sie innerhalb von 30 Tagen nach Absendung Ihrer Widerrufserkl\u00e4rung erf\u00fcllen.<\/p>\n<p><strong>Ende der Widerrufsbelehrung<\/strong><\/p>\n<\/li>\n<\/ol>\n","protected":false},"excerpt":{"rendered":"<p>Allgemeine Gesch\u00e4ftsbedingungen www.rinderdung.de \u00a71 Lieferbedingungen Zahlung auf Rechnung Zahlungsziel: 14 Tage nach Erhalt der Rechnung Lieferzeit: max. 14 Tage, wenn nicht anders vereinbart \u00a72 Widerrufsbelehrung Die folgenden Abs\u00e4tze unter diesem Paragraphen der AGB gelten nur f\u00fcr Kunden, die als Verbraucher anzusehen sind. Ein Verbraucher ist jede nat\u00fcrliche Person, die ein Rechtsgesch\u00e4ft zu einem Zweck abschlie\u00dft, [&hellip;]<\/p>\n","protected":false},"author":1,"featured_media":0,"parent":0,"menu_order":0,"comment_status":"closed","ping_status":"closed","template":"","meta":[],"_links":{"self":[{"href":"https:\/\/rinderdung.de\/wordpress\/index.php?rest_route=\/wp\/v2\/pages\/43"}],"collection":[{"href":"https:\/\/rinderdung.de\/wordpress\/index.php?rest_route=\/wp\/v2\/pages"}],"about":[{"href":"https:\/\/rinderdung.de\/wordpress\/index.php?rest_route=\/wp\/v2\/types\/page"}],"author":[{"embeddable":true,"href":"https:\/\/rinderdung.de\/wordpress\/index.php?rest_route=\/wp\/v2\/users\/1"}],"replies":[{"embeddable":true,"href":"https:\/\/rinderdung.de\/wordpress\/index.php?rest_route=%2Fwp%2Fv2%2Fcomments&post=43"}],"version-history":[{"count":3,"href":"https:\/\/rinderdung.de\/wordpress\/index.php?rest_route=\/wp\/v2\/pages\/43\/revisions"}],"predecessor-version":[{"id":85,"href":"https:\/\/rinderdung.de\/wordpress\/index.php?rest_route=\/wp\/v2\/pages\/43\/revisions\/85"}],"wp:attachment":[{"href":"https:\/\/rinderdung.de\/wordpress\/index.php?rest_route=%2Fwp%2Fv2%2Fmedia&parent=43"}],"curies":[{"name":"wp","href":"https:\/\/api.w.org\/{rel}","templated":true}]}}