{"id":115,"date":"2016-03-16T19:49:03","date_gmt":"2016-03-16T18:49:03","guid":{"rendered":"http:\/\/rinderdung.de\/wordpress\/?page_id=115"},"modified":"2025-01-22T19:02:24","modified_gmt":"2025-01-22T18:02:24","slug":"rinderdung-kaufen-lieferung-nur-innerhalb-mecklenburg-vorpommerns","status":"publish","type":"page","link":"https:\/\/rinderdung.de\/wordpress\/?page_id=115","title":{"rendered":"Rinderdung kaufen (Lieferung nur innerhalb Mecklenburg-Vorpommerns)"},"content":{"rendered":"\n<p><\/p>\n\n\n\n<p>F\u00fcr Bestellungen schicken Sie bitte eine E-Mail an rinderdung@yahoo.de<\/p>\n\n\n\n<p>Angebot: 20 Liter Sack (ca.10 kg) f\u00fcr 7 Euro, Anlieferung in MV ab 10 S\u00e4cken, pro 10 Sack 1 Sack gratis<\/p>\n\n\n\n<p><\/p>\n","protected":false},"excerpt":{"rendered":"<p>F\u00fcr Bestellungen schicken Sie bitte eine E-Mail an rinderdung@yahoo.de Angebot: 20 Liter Sack (ca.10 kg) f\u00fcr 7 Euro, Anlieferung in MV ab 10 S\u00e4cken, pro 10 Sack 1 Sack gratis<\/p>\n","protected":false},"author":1,"featured_media":0,"parent":0,"menu_order":0,"comment_status":"closed","ping_status":"closed","template":"","meta":[],"_links":{"self":[{"href":"https:\/\/rinderdung.de\/wordpress\/index.php?rest_route=\/wp\/v2\/pages\/115"}],"collection":[{"href":"https:\/\/rinderdung.de\/wordpress\/index.php?rest_route=\/wp\/v2\/pages"}],"about":[{"href":"https:\/\/rinderdung.de\/wordpress\/index.php?rest_route=\/wp\/v2\/types\/page"}],"author":[{"embeddable":true,"href":"https:\/\/rinderdung.de\/wordpress\/index.php?rest_route=\/wp\/v2\/users\/1"}],"replies":[{"embeddable":true,"href":"https:\/\/rinderdung.de\/wordpress\/index.php?rest_route=%2Fwp%2Fv2%2Fcomments&post=115"}],"version-history":[{"count":6,"href":"https:\/\/rinderdung.de\/wordpress\/index.php?rest_route=\/wp\/v2\/pages\/115\/revisions"}],"predecessor-version":[{"id":3465,"href":"https:\/\/rinderdung.de\/wordpress\/index.php?rest_route=\/wp\/v2\/pages\/115\/revisions\/3465"}],"wp:attachment":[{"href":"https:\/\/rinderdung.de\/wordpress\/index.php?rest_route=%2Fwp%2Fv2%2Fmedia&parent=115"}],"curies":[{"name":"wp","href":"https:\/\/api.w.org\/{rel}","templated":true}]}}